{"id":183,"date":"2017-02-20T21:12:23","date_gmt":"2017-02-20T18:12:23","guid":{"rendered":"http:\/\/atdtr.com\/site\/?page_id=183"},"modified":"2020-11-01T18:27:54","modified_gmt":"2020-11-01T15:27:54","slug":"references","status":"publish","type":"page","link":"https:\/\/www.atdtr.com\/en\/references\/","title":{"rendered":"References"},"content":{"rendered":"\n<ul><li><strong> Anfa G\u00fcvenlik Kartl\u0131 Ge\u00e7i\u015f Pdks Sistemi Kurulum Montaj <\/strong><\/li><li><strong>Yap\u0131 Merkezi in\u015faat ET\u0130YOPYA AWAS-WELDIA DEM\u0130RYOLU Hatt\u0131 Fiber Optik \u00d6l\u00e7\u00fcm ve Sonland\u0131rma i\u015fleri.<\/strong><\/li><li><strong>Yap\u0131 Merkezi \u0130D\u0130S Firmas\u0131 ET\u0130YOPYA AWAS-WELDIA DEM\u0130RYOLU Hatt\u0131 superv\u0131sorluk<\/strong><\/li><li><strong> ABB EGO Rayl\u0131 sistemler Daire Ba\u015fkanl\u0131\u011f\u0131 \u015eENTEPE Teleferik Hatt\u0131 Altyap\u0131 Kurulum Montaj \u0130\u015fleri <\/strong><\/li><li><strong> Ankara K\u0131z\u0131lay \u2013 \u00c7ayyolu M2 Metro Hatt\u0131 Sinyalizasyon ve Haberle\u015fme Projesi <\/strong><\/li><li><strong> Ankara Sincan \u2013 Bat\u0131kent M3 Metro Hatt\u0131 Sinyalizasyon ve Haberle\u015fme Projesi <\/strong><\/li><li><strong> Ankara Superonline Fiberoptik Altyap\u0131 Projesi <\/strong><\/li><li><strong> Ankara Yenimahalle \u2013 \u015eentepe Teleferik Hatt\u0131 Projesi <\/strong><\/li><li><strong> Aselsan Haberle\u015fme Kulesi Ekipman Kurulum Projesi <\/strong><\/li><li><strong> Eski\u015fehir \u2013 \u0130stanbul YHT Projesi <\/strong><\/li><li><strong> Fiberoptik Altyap\u0131 \u00c7al\u0131\u015fmalar\u0131 <\/strong><\/li><li><strong> Karayollar\u0131 Genel M\u00fcd\u00fcrl\u00fc\u011f\u00fc Labaratuvar Nem Dedekt\u00f6r\u00fc Montaj ve Kurulum Projesi <\/strong><\/li><li><strong>TCDD Ta\u015f\u0131mac\u0131l\u0131k A.\u015e. \u2013 Risk Analiz Kaza \u00d6nleme Yaz\u0131l\u0131m\u0131<\/strong><\/li><li><strong>Tar\u0131m Bakanl\u0131\u011f\u0131 \u2013 Yang\u0131n Otomasyon Bak\u0131mlar\u0131<\/strong><\/li><\/ul>\n","protected":false},"excerpt":{"rendered":"<p>Anfa G\u00fcvenlik Kartl\u0131 Ge\u00e7i\u015f Pdks Sistemi Kurulum Montaj Yap\u0131 Merkezi in\u015faat ET\u0130YOPYA AWAS-WELDIA DEM\u0130RYOLU Hatt\u0131 Fiber Optik \u00d6l\u00e7\u00fcm ve Sonland\u0131rma i\u015fleri. Yap\u0131 Merkezi \u0130D\u0130S Firmas\u0131 ET\u0130YOPYA AWAS-WELDIA DEM\u0130RYOLU Hatt\u0131 superv\u0131sorluk ABB EGO Rayl\u0131 sistemler Daire Ba\u015fkanl\u0131\u011f\u0131 \u015eENTEPE Teleferik Hatt\u0131 Altyap\u0131 Kurulum Montaj \u0130\u015fleri Ankara K\u0131z\u0131lay \u2013 \u00c7ayyolu M2 Metro Hatt\u0131 Sinyalizasyon ve Haberle\u015fme Projesi Ankara &hellip; <a href=\"https:\/\/www.atdtr.com\/en\/references\/\" class=\"more-link\">Continue reading<span class=\"screen-reader-text\"> &#8220;References&#8221;<\/span><\/a><\/p>\n","protected":false},"author":1,"featured_media":0,"parent":0,"menu_order":0,"comment_status":"closed","ping_status":"closed","template":"","meta":[],"_links":{"self":[{"href":"https:\/\/www.atdtr.com\/en\/wp-json\/wp\/v2\/pages\/183"}],"collection":[{"href":"https:\/\/www.atdtr.com\/en\/wp-json\/wp\/v2\/pages"}],"about":[{"href":"https:\/\/www.atdtr.com\/en\/wp-json\/wp\/v2\/types\/page"}],"author":[{"embeddable":true,"href":"https:\/\/www.atdtr.com\/en\/wp-json\/wp\/v2\/users\/1"}],"replies":[{"embeddable":true,"href":"https:\/\/www.atdtr.com\/en\/wp-json\/wp\/v2\/comments?post=183"}],"version-history":[{"count":10,"href":"https:\/\/www.atdtr.com\/en\/wp-json\/wp\/v2\/pages\/183\/revisions"}],"predecessor-version":[{"id":469,"href":"https:\/\/www.atdtr.com\/en\/wp-json\/wp\/v2\/pages\/183\/revisions\/469"}],"wp:attachment":[{"href":"https:\/\/www.atdtr.com\/en\/wp-json\/wp\/v2\/media?parent=183"}],"curies":[{"name":"wp","href":"https:\/\/api.w.org\/{rel}","templated":true}]}}